{"id":414,"date":"2023-10-24T16:07:10","date_gmt":"2023-10-24T14:07:10","guid":{"rendered":"https:\/\/aivp-rufenacht-prize.org\/politica-de-confidencialidad\/"},"modified":"2023-11-14T16:41:12","modified_gmt":"2023-11-14T15:41:12","slug":"politica-de-confidencialidad","status":"publish","type":"page","link":"https:\/\/aivp-rufenacht-prize.org\/es\/politica-de-confidencialidad\/","title":{"rendered":"Pol\u00edtica de confidencialidad"},"content":{"rendered":"\n<h2 class=\"wp-block-heading\"> \u00bfQui\u00e9nes somos ?<\/h2>\n\n\n\n<p>La direcci\u00f3n de nuestro sitio web es: https:\/\/www.aivp.org.<\/p>\n\n\n\n<h2 class=\"wp-block-heading\">Uso de los datos personales recopilados<\/h2>\n\n\n\n<h3 class=\"wp-block-heading\">Comentarios<\/h3>\n\n\n\n<p>Cuando deja un comentario en nuestro sitio web, los datos ingresados \u200b\u200ben el formulario de comentarios, pero tambi\u00e9n su direcci\u00f3n IP y el agente de usuario de su navegador, se recopilan para ayudarnos a detectar comentarios no deseados.<\/p>\n\n\n\n<p><pre id=\"tw-target-text\" class=\"tw-data-text tw-text-large tw-ta\" dir=\"ltr\" data-placeholder=\"Traduction\" data-ved=\"2ahUKEwjjnbrv18OCAxWSUqQEHWVnDtwQ3ewLegQIBRAQ\"><span class=\"Y2IQFc\" lang=\"es\">Se puede enviar una cadena an\u00f3nima creada a partir de su direcci\u00f3n de correo electr\u00f3nico (tambi\u00e9n llamada hash) al servicio Gravatar para verificar si la est\u00e1 utilizando. Las disposiciones de confidencialidad del servicio Gravatar est\u00e1n disponibles aqu\u00ed: https:\/\/automattic.com\/privacy\/. Despu\u00e9s de la validaci\u00f3n de tu comentario, tu foto de perfil ser\u00e1 visible p\u00fablicamente junto a tu comentario.<\/span><\/pre><\/p>\n\n\n\n<h3 class=\"wp-block-heading\"> medios de comunicaci\u00f3n<\/h3>\n\n\n\n<p>Si es un usuario registrado y sube im\u00e1genes al Sitio Web, le recomendamos que evite cargar im\u00e1genes que contengan datos de coordenadas GPS EXIF. Los visitantes de su sitio web pueden descargar y extraer datos de ubicaci\u00f3n de estas im\u00e1genes.<\/p>\n\n\n\n<h3 class=\"wp-block-heading\">Cookies<\/h3>\n\n\n\n<p>Si deja un comentario en nuestro sitio, se le pedir\u00e1 que guarde su nombre, direcci\u00f3n de correo electr\u00f3nico y sitio web en cookies. Esto es s\u00f3lo para tu comodidad para que no tengas que completar esta informaci\u00f3n si dejas otro comentario m\u00e1s tarde. Estas cookies caducan al cabo de un a\u00f1o.<\/p>\n\n\n\n<p>Si va a la p\u00e1gina de inicio de sesi\u00f3n, se crear\u00e1 una cookie temporal para determinar si su navegador acepta cookies. No contiene datos personales y se eliminar\u00e1 autom\u00e1ticamente al cerrar su navegador.<\/p>\n\n\n\n<p>Cuando inicie sesi\u00f3n, configuraremos una serie de cookies para guardar su informaci\u00f3n de inicio de sesi\u00f3n y sus preferencias de pantalla. La vida \u00fatil de una cookie de conexi\u00f3n es de dos d\u00edas, la de una cookie de opci\u00f3n de pantalla es de un a\u00f1o. Si marca \u00abRecordarme\u00bb, su cookie de inicio de sesi\u00f3n se conservar\u00e1 durante dos semanas. Si cierra sesi\u00f3n en su cuenta, la cookie de inicio de sesi\u00f3n se eliminar\u00e1.<\/p>\n\n\n\n<p>Al editar o publicar una publicaci\u00f3n, se almacenar\u00e1 una cookie adicional en su navegador. Esta cookie no incluye ning\u00fan dato personal. Simplemente muestra el ID de la publicaci\u00f3n que acabas de editar. Caduca al cabo de un d\u00eda.<\/p>\n\n\n\n<h3 class=\"wp-block-heading\"> Contenido incrustado de otros sitios<\/h3>\n\n\n\n<p>Los art\u00edculos de este sitio pueden incluir contenido incrustado (por ejemplo, v\u00eddeos, im\u00e1genes, art\u00edculos, etc.). El contenido incrustado de otros sitios se comporta igual que si el visitante visitara ese otro sitio.<\/p>\n\n\n\n<p>Estos sitios web podr\u00edan recopilar datos sobre usted, utilizar cookies, incorporar herramientas de seguimiento de terceros y realizar un seguimiento de sus interacciones con este contenido integrado si tiene una cuenta conectada a su sitio web.<\/p>\n\n\n\n<h3 class=\"wp-block-heading\">Tiempos de almacenamiento de sus datos<\/h3>\n\n\n\n<p>Si deja un comentario, el comentario y sus metadatos se conservan indefinidamente. Esto permite que los comentarios posteriores sean reconocidos y aprobados autom\u00e1ticamente en lugar de dejarlos en la cola de moderaci\u00f3n.<\/p>\n\n\n\n<p>Para los usuarios que se registran en nuestro sitio (si es posible), tambi\u00e9n almacenamos los datos personales indicados en su perfil. Todos los usuarios pueden ver, modificar o eliminar su informaci\u00f3n personal en cualquier momento (excepto su nombre de usuario). Los administradores del sitio tambi\u00e9n pueden ver y modificar esta informaci\u00f3n.<\/p>\n\n\n\n<h3 class=\"wp-block-heading\">Los derechos que tiene sobre sus datos<\/h3>\n\n\n\n<p>Si tiene una cuenta o ha dejado comentarios en el sitio, puede solicitar recibir un archivo que contenga todos los datos personales que tenemos sobre usted, incluidos los que nos ha proporcionado. Tambi\u00e9n puede solicitar la eliminaci\u00f3n de los datos personales que le conciernen. Esto no tiene en cuenta los datos almacenados con fines administrativos, legales o de seguridad.<\/p>\n\n\n\n<h3 class=\"wp-block-heading\">Transmisi\u00f3n de sus datos personales<\/h3>\n\n\n\n<p>Los comentarios de los visitantes pueden comprobarse mediante un servicio automatizado de detecci\u00f3n de comentarios no deseados.<\/p>\n\n\n\n<h2 class=\"wp-block-heading\">Medici\u00f3n de audiencia con Matomo<\/h2>\n\n\n\n<p>Utilizamos la herramienta de an\u00e1lisis web Matomo para comprender c\u00f3mo interact\u00faan los visitantes con nuestro sitio. Matomo nos proporciona informaci\u00f3n valiosa para mejorar la experiencia del usuario y optimizar nuestro contenido. Estos datos incluyen informaci\u00f3n como el n\u00famero de visitantes, las p\u00e1ginas vistas y la duraci\u00f3n de las visitas.<\/p>\n\n\n\n<h3 class=\"wp-block-heading\">\u00bfQu\u00e9 informaci\u00f3n recopila Matomo?<\/h3>\n\n\n\n<p>Matomo recopila datos an\u00f3nimos como direcci\u00f3n IP, tipo de navegador, p\u00e1ginas visitadas, tiempo de permanencia en el sitio, etc. Esta informaci\u00f3n nos ayuda a comprender mejor sus preferencias y adaptar nuestro sitio en consecuencia.<\/p>\n\n\n\n<h3 class=\"wp-block-heading\"> Respeto a la privacidad<\/h3>\n\n\n\n<p>Damos gran importancia a la confidencialidad de sus datos. La informaci\u00f3n recopilada por Matomo se trata de forma an\u00f3nima y no se comparte con terceros. No recopilamos informaci\u00f3n personal que identifique directamente a un individuo.<\/p>\n\n\n\n<h3 class=\"wp-block-heading\">Opci\u00f3n de exclusi\u00f3n voluntaria (Opt-out)<\/h3>\n\n\n\n<p>Si prefiere no participar en la recopilaci\u00f3n de datos por parte de Matomo, tiene la oportunidad de negarse. Haga clic en el siguiente enlace para activar el mecanismo de exclusi\u00f3n voluntaria:<\/p>\n\n\n<p id=\"matomo_opted_out_intro\" style=\"display:none;\">Opt-out completado; sus visitas a este sitio de internet no ser\u00e1n grabadas por la herramienta de An\u00e1lisis de internet. Tenga en cuenta que si elimina sus cookies, elimina la cookie opt-out, o si cambia de ordenador o navegador, deber\u00e1 llevar a cabo el procedimiento opt-out otra vez.<\/p><p id=\"matomo_opted_in_intro\" >Puede optar por evitar que este sitio web agregue y analice las acciones que realiza aqu\u00ed. Al hacerlo, proteger\u00e1 su privacidad, pero tambi\u00e9n evitar\u00e1 que el propietario aprenda de sus acciones y cree una mejor experiencia para usted y dem\u00e1s usuarios.<\/p><form>\n        <input type=\"checkbox\" id=\"matomo_optout_checkbox\" checked=\"checked\"\/>\n        <label for=\"matomo_optout_checkbox\"><strong>\n        <span id=\"matomo_opted_in_label\" >No est\u00e1 excluido. Desactive esta casilla para no participar.<\/span>\n\t\t<span id=\"matomo_opted_out_label\" style=\"display:none;\">Actualmente est\u00e1 siendo excluido. Marque esta casilla para adherirse.<\/span>\n        <\/strong><\/label><\/form><noscript><p><strong style=\"color: #ff0000;\">This opt out feature requires JavaScript.<\/strong><\/p><\/noscript><p id=\"matomo_outout_err_cookies\" style=\"display: none;\"><strong>La caracter\u00edstica de seguimiento opt-out requiere de cookies para poder habilitarla.<\/strong><\/p>\n\n\n\n<p>Tenga en cuenta que si borra sus cookies o utiliza un navegador diferente, deber\u00e1 desactivar el seguimiento nuevamente.<\/p>\n\n\n\n<h4 class=\"wp-block-heading\">Informaciones complementarias<\/h4>\n\n\n\n<p>Para obtener m\u00e1s informaci\u00f3n sobre c\u00f3mo Matomo protege la privacidad, puede ver su pol\u00edtica de privacidad disponible en <a href=\"https:\/\/matomo.org\/privacy-policy\/\">el sitio web oficial de Matomo<\/a>.<\/p>\n","protected":false},"excerpt":{"rendered":"<p>\u00bfQui\u00e9nes somos ? La direcci\u00f3n de nuestro sitio web es: https:\/\/www.aivp.org. Uso de los datos personales recopilados Comentarios Cuando deja [&hellip;]<\/p>\n","protected":false},"author":1,"featured_media":0,"parent":0,"menu_order":19,"comment_status":"closed","ping_status":"open","template":"","meta":{"_acf_changed":false,"footnotes":""},"class_list":["post-414","page","type-page","status-publish","hentry"],"acf":[],"yoast_head":"<!-- This site is optimized with the Yoast SEO plugin v25.8 - https:\/\/yoast.com\/wordpress\/plugins\/seo\/ -->\n<title>Aivp Rufenacht prize - Pol\u00edtica de confidencialidad<\/title>\n<meta name=\"robots\" content=\"index, follow, max-snippet:-1, max-image-preview:large, max-video-preview:-1\" \/>\n<link rel=\"canonical\" href=\"https:\/\/aivp-rufenacht-prize.org\/politique-de-confidentialite\/\" \/>\n<meta property=\"og:locale\" content=\"es_ES\" \/>\n<meta property=\"og:type\" content=\"article\" \/>\n<meta property=\"og:title\" content=\"Aivp Rufenacht prize - Pol\u00edtica de confidencialidad\" \/>\n<meta property=\"og:description\" content=\"\u00bfQui\u00e9nes somos ? La direcci\u00f3n de nuestro sitio web es: https:\/\/www.aivp.org. Uso de los datos personales recopilados Comentarios Cuando deja [&hellip;]\" \/>\n<meta property=\"og:url\" content=\"https:\/\/aivp-rufenacht-prize.org\/politique-de-confidentialite\/\" \/>\n<meta property=\"og:site_name\" content=\"Aivp Rufenacht prize\" \/>\n<meta property=\"article:modified_time\" content=\"2023-11-14T15:41:12+00:00\" \/>\n<meta name=\"twitter:card\" content=\"summary_large_image\" \/>\n<meta name=\"twitter:label1\" content=\"Tiempo de lectura\" \/>\n\t<meta name=\"twitter:data1\" content=\"4 minutos\" \/>\n<script type=\"application\/ld+json\" class=\"yoast-schema-graph\">{\"@context\":\"https:\/\/schema.org\",\"@graph\":[{\"@type\":\"WebPage\",\"@id\":\"https:\/\/aivp-rufenacht-prize.org\/politique-de-confidentialite\/\",\"url\":\"https:\/\/aivp-rufenacht-prize.org\/politique-de-confidentialite\/\",\"name\":\"Aivp Rufenacht prize - Pol\u00edtica de confidencialidad\",\"isPartOf\":{\"@id\":\"https:\/\/aivp-rufenacht-prize.org\/#website\"},\"datePublished\":\"2023-10-24T14:07:10+00:00\",\"dateModified\":\"2023-11-14T15:41:12+00:00\",\"breadcrumb\":{\"@id\":\"https:\/\/aivp-rufenacht-prize.org\/politique-de-confidentialite\/#breadcrumb\"},\"inLanguage\":\"es\",\"potentialAction\":[{\"@type\":\"ReadAction\",\"target\":[\"https:\/\/aivp-rufenacht-prize.org\/politique-de-confidentialite\/\"]}]},{\"@type\":\"BreadcrumbList\",\"@id\":\"https:\/\/aivp-rufenacht-prize.org\/politique-de-confidentialite\/#breadcrumb\",\"itemListElement\":[{\"@type\":\"ListItem\",\"position\":1,\"name\":\"Home\",\"item\":\"https:\/\/aivp-rufenacht-prize.org\/es\/\"},{\"@type\":\"ListItem\",\"position\":2,\"name\":\"Pol\u00edtica de confidencialidad\"}]},{\"@type\":\"WebSite\",\"@id\":\"https:\/\/aivp-rufenacht-prize.org\/#website\",\"url\":\"https:\/\/aivp-rufenacht-prize.org\/\",\"name\":\"Aivp Rufenacht prize\",\"description\":\"\",\"publisher\":{\"@id\":\"https:\/\/aivp-rufenacht-prize.org\/#organization\"},\"potentialAction\":[{\"@type\":\"SearchAction\",\"target\":{\"@type\":\"EntryPoint\",\"urlTemplate\":\"https:\/\/aivp-rufenacht-prize.org\/?s={search_term_string}\"},\"query-input\":{\"@type\":\"PropertyValueSpecification\",\"valueRequired\":true,\"valueName\":\"search_term_string\"}}],\"inLanguage\":\"es\"},{\"@type\":\"Organization\",\"@id\":\"https:\/\/aivp-rufenacht-prize.org\/#organization\",\"name\":\"Aivp Antoine Rufenacht\",\"url\":\"https:\/\/aivp-rufenacht-prize.org\/\",\"logo\":{\"@type\":\"ImageObject\",\"inLanguage\":\"es\",\"@id\":\"https:\/\/aivp-rufenacht-prize.org\/#\/schema\/logo\/image\/\",\"url\":\"https:\/\/aivp-rufenacht-prize.org\/wp-content\/uploads\/2023\/11\/logo-prix-antoine-rufenachte.svg\",\"contentUrl\":\"https:\/\/aivp-rufenacht-prize.org\/wp-content\/uploads\/2023\/11\/logo-prix-antoine-rufenachte.svg\",\"width\":1,\"height\":1,\"caption\":\"Aivp Antoine Rufenacht\"},\"image\":{\"@id\":\"https:\/\/aivp-rufenacht-prize.org\/#\/schema\/logo\/image\/\"}}]}<\/script>\n<!-- \/ Yoast SEO plugin. -->","yoast_head_json":{"title":"Aivp Rufenacht prize - Pol\u00edtica de confidencialidad","robots":{"index":"index","follow":"follow","max-snippet":"max-snippet:-1","max-image-preview":"max-image-preview:large","max-video-preview":"max-video-preview:-1"},"canonical":"https:\/\/aivp-rufenacht-prize.org\/politique-de-confidentialite\/","og_locale":"es_ES","og_type":"article","og_title":"Aivp Rufenacht prize - Pol\u00edtica de confidencialidad","og_description":"\u00bfQui\u00e9nes somos ? La direcci\u00f3n de nuestro sitio web es: https:\/\/www.aivp.org. Uso de los datos personales recopilados Comentarios Cuando deja [&hellip;]","og_url":"https:\/\/aivp-rufenacht-prize.org\/politique-de-confidentialite\/","og_site_name":"Aivp Rufenacht prize","article_modified_time":"2023-11-14T15:41:12+00:00","twitter_card":"summary_large_image","twitter_misc":{"Tiempo de lectura":"4 minutos"},"schema":{"@context":"https:\/\/schema.org","@graph":[{"@type":"WebPage","@id":"https:\/\/aivp-rufenacht-prize.org\/politique-de-confidentialite\/","url":"https:\/\/aivp-rufenacht-prize.org\/politique-de-confidentialite\/","name":"Aivp Rufenacht prize - Pol\u00edtica de confidencialidad","isPartOf":{"@id":"https:\/\/aivp-rufenacht-prize.org\/#website"},"datePublished":"2023-10-24T14:07:10+00:00","dateModified":"2023-11-14T15:41:12+00:00","breadcrumb":{"@id":"https:\/\/aivp-rufenacht-prize.org\/politique-de-confidentialite\/#breadcrumb"},"inLanguage":"es","potentialAction":[{"@type":"ReadAction","target":["https:\/\/aivp-rufenacht-prize.org\/politique-de-confidentialite\/"]}]},{"@type":"BreadcrumbList","@id":"https:\/\/aivp-rufenacht-prize.org\/politique-de-confidentialite\/#breadcrumb","itemListElement":[{"@type":"ListItem","position":1,"name":"Home","item":"https:\/\/aivp-rufenacht-prize.org\/es\/"},{"@type":"ListItem","position":2,"name":"Pol\u00edtica de confidencialidad"}]},{"@type":"WebSite","@id":"https:\/\/aivp-rufenacht-prize.org\/#website","url":"https:\/\/aivp-rufenacht-prize.org\/","name":"Aivp Rufenacht prize","description":"","publisher":{"@id":"https:\/\/aivp-rufenacht-prize.org\/#organization"},"potentialAction":[{"@type":"SearchAction","target":{"@type":"EntryPoint","urlTemplate":"https:\/\/aivp-rufenacht-prize.org\/?s={search_term_string}"},"query-input":{"@type":"PropertyValueSpecification","valueRequired":true,"valueName":"search_term_string"}}],"inLanguage":"es"},{"@type":"Organization","@id":"https:\/\/aivp-rufenacht-prize.org\/#organization","name":"Aivp Antoine Rufenacht","url":"https:\/\/aivp-rufenacht-prize.org\/","logo":{"@type":"ImageObject","inLanguage":"es","@id":"https:\/\/aivp-rufenacht-prize.org\/#\/schema\/logo\/image\/","url":"https:\/\/aivp-rufenacht-prize.org\/wp-content\/uploads\/2023\/11\/logo-prix-antoine-rufenachte.svg","contentUrl":"https:\/\/aivp-rufenacht-prize.org\/wp-content\/uploads\/2023\/11\/logo-prix-antoine-rufenachte.svg","width":1,"height":1,"caption":"Aivp Antoine Rufenacht"},"image":{"@id":"https:\/\/aivp-rufenacht-prize.org\/#\/schema\/logo\/image\/"}}]}},"_links":{"self":[{"href":"https:\/\/aivp-rufenacht-prize.org\/es\/wp-json\/wp\/v2\/pages\/414","targetHints":{"allow":["GET"]}}],"collection":[{"href":"https:\/\/aivp-rufenacht-prize.org\/es\/wp-json\/wp\/v2\/pages"}],"about":[{"href":"https:\/\/aivp-rufenacht-prize.org\/es\/wp-json\/wp\/v2\/types\/page"}],"author":[{"embeddable":true,"href":"https:\/\/aivp-rufenacht-prize.org\/es\/wp-json\/wp\/v2\/users\/1"}],"replies":[{"embeddable":true,"href":"https:\/\/aivp-rufenacht-prize.org\/es\/wp-json\/wp\/v2\/comments?post=414"}],"version-history":[{"count":7,"href":"https:\/\/aivp-rufenacht-prize.org\/es\/wp-json\/wp\/v2\/pages\/414\/revisions"}],"predecessor-version":[{"id":424,"href":"https:\/\/aivp-rufenacht-prize.org\/es\/wp-json\/wp\/v2\/pages\/414\/revisions\/424"}],"wp:attachment":[{"href":"https:\/\/aivp-rufenacht-prize.org\/es\/wp-json\/wp\/v2\/media?parent=414"}],"curies":[{"name":"wp","href":"https:\/\/api.w.org\/{rel}","templated":true}]}}